{"id":2722,"date":"2026-05-08T01:35:24","date_gmt":"2026-05-08T01:35:24","guid":{"rendered":"https:\/\/lavioleta.cl\/?post_type=product&#038;p=2722"},"modified":"2026-05-08T06:21:21","modified_gmt":"2026-05-08T06:21:21","slug":"pan-artesanal-mix-de-harinas-50-50-2-3","status":"publish","type":"product","link":"https:\/\/lavioleta.cl\/?product=pan-artesanal-mix-de-harinas-50-50-2-3","title":{"rendered":"Palitos de ajo con queso (4 unidades)"},"content":{"rendered":"<p>Palitos de ajo elaborados con mantequilla de ajo, or\u00e9gano fresco y aceite de oliva.<\/p>\n<p>Fermentaci\u00f3n lenta en fr\u00edo con aceite de oliva extra virgen.<\/p>\n<p>Con exquisita Mozzarella argentina.<\/p>\n<p>Listos para montar en lata del horno y hornear a 250 grados Celsius.<\/p>\n<p>Todos nuestros panes tienen una durabilidad de 3 meses congelados, 2 semanas refrigerados.<\/p>\n<p>Ideal para servir como aperitivo.<\/p>\n","protected":false},"excerpt":{"rendered":"<p>Palitos de ajo elaborados con mantequilla de ajo, or\u00e9gano fresco y aceite de oliva. Fermentaci\u00f3n lenta en fr\u00edo con aceite de oliva extra virgen. Con exquisita Mozzarella argentina. Listos para montar en lata del horno y hornear a 250 grados Celsius. Todos nuestros panes tienen una durabilidad de 3 meses congelados, 2 semanas refrigerados. Ideal [&hellip;]<\/p>\n","protected":false},"featured_media":2723,"comment_status":"open","ping_status":"closed","template":"","meta":{"site-sidebar-layout":"default","site-content-layout":"","ast-site-content-layout":"default","site-content-style":"default","site-sidebar-style":"default","ast-global-header-display":"","ast-banner-title-visibility":"","ast-main-header-display":"","ast-hfb-above-header-display":"","ast-hfb-below-header-display":"","ast-hfb-mobile-header-display":"","site-post-title":"","ast-breadcrumbs-content":"","ast-featured-img":"","footer-sml-layout":"","ast-disable-related-posts":"","theme-transparent-header-meta":"","adv-header-id-meta":"","stick-header-meta":"","header-above-stick-meta":"","header-main-stick-meta":"","header-below-stick-meta":"","astra-migrate-meta-layouts":"default","ast-page-background-enabled":"default","ast-page-background-meta":{"desktop":{"background-color":"","background-image":"","background-repeat":"repeat","background-position":"center center","background-size":"auto","background-attachment":"scroll","background-type":"","background-media":"","overlay-type":"","overlay-color":"","overlay-opacity":"","overlay-gradient":""},"tablet":{"background-color":"","background-image":"","background-repeat":"repeat","background-position":"center center","background-size":"auto","background-attachment":"scroll","background-type":"","background-media":"","overlay-type":"","overlay-color":"","overlay-opacity":"","overlay-gradient":""},"mobile":{"background-color":"","background-image":"","background-repeat":"repeat","background-position":"center center","background-size":"auto","background-attachment":"scroll","background-type":"","background-media":"","overlay-type":"","overlay-color":"","overlay-opacity":"","overlay-gradient":""}},"ast-content-background-meta":{"desktop":{"background-color":"var(--ast-global-color-5)","background-image":"","background-repeat":"repeat","background-position":"center center","background-size":"auto","background-attachment":"scroll","background-type":"","background-media":"","overlay-type":"","overlay-color":"","overlay-opacity":"","overlay-gradient":""},"tablet":{"background-color":"var(--ast-global-color-5)","background-image":"","background-repeat":"repeat","background-position":"center center","background-size":"auto","background-attachment":"scroll","background-type":"","background-media":"","overlay-type":"","overlay-color":"","overlay-opacity":"","overlay-gradient":""},"mobile":{"background-color":"var(--ast-global-color-5)","background-image":"","background-repeat":"repeat","background-position":"center center","background-size":"auto","background-attachment":"scroll","background-type":"","background-media":"","overlay-type":"","overlay-color":"","overlay-opacity":"","overlay-gradient":""}}},"product_brand":[],"product_cat":[68,70,67,64],"product_tag":[],"class_list":{"0":"post-2722","1":"product","2":"type-product","3":"status-publish","4":"has-post-thumbnail","6":"product_cat-pan-artesanal","7":"product_cat-panaderia-artesanal","8":"product_cat-panes-blancos","9":"product_cat-pizzas-selladas","10":"desktop-align-center","11":"tablet-align-left","12":"mobile-align-left","14":"first","15":"instock","16":"sale","17":"purchasable","18":"product-type-simple"},"jetpack_sharing_enabled":true,"_links":{"self":[{"href":"https:\/\/lavioleta.cl\/index.php?rest_route=\/wp\/v2\/product\/2722","targetHints":{"allow":["GET"]}}],"collection":[{"href":"https:\/\/lavioleta.cl\/index.php?rest_route=\/wp\/v2\/product"}],"about":[{"href":"https:\/\/lavioleta.cl\/index.php?rest_route=\/wp\/v2\/types\/product"}],"replies":[{"embeddable":true,"href":"https:\/\/lavioleta.cl\/index.php?rest_route=%2Fwp%2Fv2%2Fcomments&post=2722"}],"version-history":[{"count":2,"href":"https:\/\/lavioleta.cl\/index.php?rest_route=\/wp\/v2\/product\/2722\/revisions"}],"predecessor-version":[{"id":2728,"href":"https:\/\/lavioleta.cl\/index.php?rest_route=\/wp\/v2\/product\/2722\/revisions\/2728"}],"wp:featuredmedia":[{"embeddable":true,"href":"https:\/\/lavioleta.cl\/index.php?rest_route=\/wp\/v2\/media\/2723"}],"wp:attachment":[{"href":"https:\/\/lavioleta.cl\/index.php?rest_route=%2Fwp%2Fv2%2Fmedia&parent=2722"}],"wp:term":[{"taxonomy":"product_brand","embeddable":true,"href":"https:\/\/lavioleta.cl\/index.php?rest_route=%2Fwp%2Fv2%2Fproduct_brand&post=2722"},{"taxonomy":"product_cat","embeddable":true,"href":"https:\/\/lavioleta.cl\/index.php?rest_route=%2Fwp%2Fv2%2Fproduct_cat&post=2722"},{"taxonomy":"product_tag","embeddable":true,"href":"https:\/\/lavioleta.cl\/index.php?rest_route=%2Fwp%2Fv2%2Fproduct_tag&post=2722"}],"curies":[{"name":"wp","href":"https:\/\/api.w.org\/{rel}","templated":true}]}}